{"id":702,"date":"2022-07-28T15:08:26","date_gmt":"2022-07-28T12:08:26","guid":{"rendered":"https:\/\/www.kolmenkoukun.fi\/saariselka-kesalla\/"},"modified":"2023-06-22T10:05:06","modified_gmt":"2023-06-22T07:05:06","slug":"saariselka-kesalla","status":"publish","type":"page","link":"https:\/\/www.kolmenkoukun.fi\/en\/saariselka-kesalla\/","title":{"rendered":"Saariselk\u00e4 in the summer"},"content":{"rendered":"\n<p class=\"has-brown-light-color has-text-color has-medium-font-size\">In Saariselk\u00e4 you can enjoy the beautiful scenery of the Urho Kekkonen Nationalpark and the services of Finlands northernmost outdoor recreation center. Your vacation can be tailored to match exactly what you are looking for. Perhaps you want to relax and enjoy the peace and quiet? Or maybe you want to try out new activities and sports and explore the beautiful nature of Lapland?<\/p>\n\n\n\n<div style=\"height:4vh\" aria-hidden=\"true\" class=\"wp-block-spacer\"><\/div>\n\n\n\n<h2 class=\"wp-block-heading has-small-font-size\">Experiences for hikers<\/h2>\n\n\n\n<p>For lovers of hiking and trekking, the setting is breathtaking. In addition to theme tours suitable for day trips for the whole family, there are also routes for the most restless legs: The longest routes offer untouched nature and fell terrain for weeks at a time. And if you want to go a little faster on your trip, the numerous cycle routes in the area are a great way to get to know the most beautiful places in Saariselk\u00e4 on the back of a bike. The more demanding routes of Rautulampi and Luulampi are suitable for experienced hikers, but the Sivakkaoja and Moitakuru routes work nicely for beginners. You can find more information about cycling and hiking routes<a href=\"https:\/\/laplandnorth.fi\/fi\/pyorailyreitit\/\" target=\"_blank\" rel=\"noopener\"> here.<\/a><br><\/p>\n\n\n\n<div style=\"height:4vh\" aria-hidden=\"true\" class=\"wp-block-spacer\"><\/div>\n\n\n\n<figure class=\"wp-block-image size-large\"><img loading=\"lazy\" decoding=\"async\" width=\"1024\" height=\"683\" src=\"https:\/\/www.kolmenkoukun.fi\/wp-content\/uploads\/2022\/07\/saariselka-vaellus-kesa-nuotio-kahvit-min-1024x683.jpg\" alt=\"\" class=\"wp-image-559\" srcset=\"https:\/\/www.kolmenkoukun.fi\/wp-content\/uploads\/2022\/07\/saariselka-vaellus-kesa-nuotio-kahvit-min-1024x683.jpg 1024w, https:\/\/www.kolmenkoukun.fi\/wp-content\/uploads\/2022\/07\/saariselka-vaellus-kesa-nuotio-kahvit-min-300x200.jpg 300w, https:\/\/www.kolmenkoukun.fi\/wp-content\/uploads\/2022\/07\/saariselka-vaellus-kesa-nuotio-kahvit-min-768x512.jpg 768w, https:\/\/www.kolmenkoukun.fi\/wp-content\/uploads\/2022\/07\/saariselka-vaellus-kesa-nuotio-kahvit-min-1536x1024.jpg 1536w, https:\/\/www.kolmenkoukun.fi\/wp-content\/uploads\/2022\/07\/saariselka-vaellus-kesa-nuotio-kahvit-min-1600x1067.jpg 1600w, https:\/\/www.kolmenkoukun.fi\/wp-content\/uploads\/2022\/07\/saariselka-vaellus-kesa-nuotio-kahvit-min.jpg 1800w\" sizes=\"auto, (max-width: 1024px) 100vw, 1024px\" \/><\/figure>\n\n\n\n<div style=\"height:4vh\" aria-hidden=\"true\" class=\"wp-block-spacer\"><\/div>\n\n\n\n<h2 class=\"wp-block-heading has-small-font-size\">Kiilop\u00e4\u00e4 and Kaunisp\u00e4\u00e4 fells<\/h2>\n\n\n\n<p>The 546-meter Kiilop\u00e4\u00e4 and the 438-meter Kaunisp\u00e4\u00e4 are the absolute number one destinations for landscape hunters. The fells, which are among the most popular destinations in Saariselk\u00e4, can be reached with a short hike and the views reward the traveler with their breathtaking views. For those going on longer hikes to the heart of Urho Kekkonen National Park, there are plenty of shelters and places to rest. If you are looking to enjoy the breathtaking views, but you don\u2019t feel like climbing the fells on foot, you can also get to the top of Kaunisp\u00e4\u00e4 by car or taxi.<\/p>\n\n\n\n<div style=\"height:4vh\" aria-hidden=\"true\" class=\"wp-block-spacer\"><\/div>\n\n\n\n<figure class=\"wp-block-image size-large\"><img loading=\"lazy\" decoding=\"async\" width=\"1024\" height=\"681\" src=\"https:\/\/www.kolmenkoukun.fi\/wp-content\/uploads\/2022\/07\/saariselka-kulta-huuhdonta-historia-min-1024x681.jpg\" alt=\"\" class=\"wp-image-574\" srcset=\"https:\/\/www.kolmenkoukun.fi\/wp-content\/uploads\/2022\/07\/saariselka-kulta-huuhdonta-historia-min-1024x681.jpg 1024w, https:\/\/www.kolmenkoukun.fi\/wp-content\/uploads\/2022\/07\/saariselka-kulta-huuhdonta-historia-min-300x200.jpg 300w, https:\/\/www.kolmenkoukun.fi\/wp-content\/uploads\/2022\/07\/saariselka-kulta-huuhdonta-historia-min-768x511.jpg 768w, https:\/\/www.kolmenkoukun.fi\/wp-content\/uploads\/2022\/07\/saariselka-kulta-huuhdonta-historia-min-1536x1022.jpg 1536w, https:\/\/www.kolmenkoukun.fi\/wp-content\/uploads\/2022\/07\/saariselka-kulta-huuhdonta-historia-min-1600x1064.jpg 1600w, https:\/\/www.kolmenkoukun.fi\/wp-content\/uploads\/2022\/07\/saariselka-kulta-huuhdonta-historia-min.jpg 1804w\" sizes=\"auto, (max-width: 1024px) 100vw, 1024px\" \/><\/figure>\n\n\n\n<div style=\"height:4vh\" aria-hidden=\"true\" class=\"wp-block-spacer\"><\/div>\n\n\n\n<h2 class=\"wp-block-heading has-small-font-size\">History of the Gold Rush<\/h2>\n\n\n\n<p>However, the area&#8217;s attractions are not limited to natural creations. The Prospector mine, created at the beginning of the 20th century, offers a glimpse into the history of Lapland&#8217;s gold rush. The wilderness, which has been inhabited for thousands of years, also boasts S\u00e1mi history and culture for those who dare to stop to see and experience it.<\/p>\n\n\n\n<div style=\"height:4vh\" aria-hidden=\"true\" class=\"wp-block-spacer\"><\/div>\n\n\n\n<figure class=\"wp-block-image size-large\"><img loading=\"lazy\" decoding=\"async\" width=\"1024\" height=\"683\" src=\"https:\/\/www.kolmenkoukun.fi\/wp-content\/uploads\/2022\/07\/saariselka-retkeily-vaellus-puolukoita-min-1024x683.jpg\" alt=\"\" class=\"wp-image-590\" srcset=\"https:\/\/www.kolmenkoukun.fi\/wp-content\/uploads\/2022\/07\/saariselka-retkeily-vaellus-puolukoita-min-1024x683.jpg 1024w, https:\/\/www.kolmenkoukun.fi\/wp-content\/uploads\/2022\/07\/saariselka-retkeily-vaellus-puolukoita-min-300x200.jpg 300w, https:\/\/www.kolmenkoukun.fi\/wp-content\/uploads\/2022\/07\/saariselka-retkeily-vaellus-puolukoita-min-768x512.jpg 768w, https:\/\/www.kolmenkoukun.fi\/wp-content\/uploads\/2022\/07\/saariselka-retkeily-vaellus-puolukoita-min-1536x1024.jpg 1536w, https:\/\/www.kolmenkoukun.fi\/wp-content\/uploads\/2022\/07\/saariselka-retkeily-vaellus-puolukoita-min-1600x1067.jpg 1600w, https:\/\/www.kolmenkoukun.fi\/wp-content\/uploads\/2022\/07\/saariselka-retkeily-vaellus-puolukoita-min.jpg 1800w\" sizes=\"auto, (max-width: 1024px) 100vw, 1024px\" \/><\/figure>\n\n\n\n<div style=\"height:4vh\" aria-hidden=\"true\" class=\"wp-block-spacer\"><\/div>\n\n\n\n<h2 class=\"wp-block-heading has-small-font-size\">The enchanting nature of the wilderness<\/h2>\n\n\n\n<p>In the landscapes of the north, you can enjoy all the best things of wilderness nature. Picking berries, picking mushrooms and fishing in the fell forests on vacation is a heart-warming reminder of the value of pure and untouched nature. The wilderness also offers great diversity, as the area is home to numerous species of mammals, such as reindeer, moose and foxes. Bird watchers are attracted by the chance to spot a magnificent golden eagle, and large carnivores roaming the remote areas are rare but possible visitors.<\/p>\n\n\n\n<div style=\"height:4vh\" aria-hidden=\"true\" class=\"wp-block-spacer\"><\/div>\n\n\n\n<figure class=\"wp-block-image size-large\"><img loading=\"lazy\" decoding=\"async\" width=\"1024\" height=\"680\" src=\"https:\/\/www.kolmenkoukun.fi\/wp-content\/uploads\/2022\/07\/saariselka-kalastus-joet-kosket-melonta-min-1024x680.jpg\" alt=\"\" class=\"wp-image-594\" srcset=\"https:\/\/www.kolmenkoukun.fi\/wp-content\/uploads\/2022\/07\/saariselka-kalastus-joet-kosket-melonta-min-1024x680.jpg 1024w, https:\/\/www.kolmenkoukun.fi\/wp-content\/uploads\/2022\/07\/saariselka-kalastus-joet-kosket-melonta-min-300x199.jpg 300w, https:\/\/www.kolmenkoukun.fi\/wp-content\/uploads\/2022\/07\/saariselka-kalastus-joet-kosket-melonta-min-768x510.jpg 768w, https:\/\/www.kolmenkoukun.fi\/wp-content\/uploads\/2022\/07\/saariselka-kalastus-joet-kosket-melonta-min-1536x1021.jpg 1536w, https:\/\/www.kolmenkoukun.fi\/wp-content\/uploads\/2022\/07\/saariselka-kalastus-joet-kosket-melonta-min-1600x1063.jpg 1600w, https:\/\/www.kolmenkoukun.fi\/wp-content\/uploads\/2022\/07\/saariselka-kalastus-joet-kosket-melonta-min.jpg 1806w\" sizes=\"auto, (max-width: 1024px) 100vw, 1024px\" \/><\/figure>\n\n\n\n<div style=\"height:4vh\" aria-hidden=\"true\" class=\"wp-block-spacer\"><\/div>\n\n\n\n<h2 class=\"wp-block-heading has-small-font-size\">Clean waters for fishing and kayaking<\/h2>\n\n\n\n<p>For those who enjoy being on the water, there are great fishing opportunities and you can also go on canoe and paddling trips on your own or with a guide. Luiro-, Kopsusjoki and Nuorttijoki are suitable for paddling.<\/p>\n\n\n\n<div style=\"height:4vh\" aria-hidden=\"true\" class=\"wp-block-spacer\"><\/div>\n\n\n\n<h2 class=\"wp-block-heading has-small-font-size\">Accommodation in Saariselka<\/h2>\n\n\n\n<p>You can stay in the center of Saariselk\u00e4 village and enjoy Lapland&#8217;s iconic nightless night, the beautiful nature and all the services of Saariselk\u00e4. The service providers offer advice and guides for a perfect vacation. Equipment renters and welfare services make sure that every traveler&#8217;s needs are met &#8211; and all this in the heart of the Arctic wilderness, under the gentle gaze of the fells.<br><\/p>\n\n\n\n<h6 class=\"wp-block-heading has-small-font-size\">You can easily book the Kolmen Koukun cabins directly online<\/h6>\n\n\n\n<p>If you are traveling with a larger group, the <a href=\"https:\/\/www.kolmenkoukun.fi\/en\/rental\/kelo\/\" data-type=\"URL\" data-id=\"https:\/\/www.kolmenkoukun.fi\/en\/rental\/kelo\/\">Kelo log cabin<\/a> in the center of Saariselk\u00e4 can accommodate 13 guests. Up to 18 guests can be accommodated in the seven bedrooms of the 300 square meter <a href=\"https:\/\/www.kolmenkoukun.fi\/en\/rental\/tunturipollo\/\" data-type=\"URL\" data-id=\"https:\/\/www.kolmenkoukun.fi\/en\/rental\/tunturipollo\/\">Tunturip\u00f6ll\u00f6 cabin<\/a>.<a href=\"https:\/\/www.kolmenkoukun.fi\/en\/rental\/kulta-a\/\" data-type=\"URL\" data-id=\"https:\/\/www.kolmenkoukun.fi\/en\/rental\/kulta-a\/\"> <\/a>No matter when you arrive &#8211; alone or with a group &#8211; you are always welcome to enjoy Saariselk\u00e4&#8217;s wonderful nature! If you have any questions about our accommodation options, don\u2019t hesitate to contact us: <a href=\"mailto:info@kolmenkoukun.fi\">info@kolmenkoukun.fi<\/a><\/p>\n\n\n\n<div style=\"height:4vh\" aria-hidden=\"true\" class=\"wp-block-spacer\"><\/div>\n\n\n\n<h6 class=\"wp-block-heading has-small-font-size\">No matter when you arrive &#8211; alone or with a group &#8211; you are always welcome to enjoy Saariselk\u00e4&#8217;s wonderful nature!<\/h6>\n\n\n\n<div style=\"height:4vh\" aria-hidden=\"true\" class=\"wp-block-spacer\"><\/div>\n","protected":false},"excerpt":{"rendered":"<p>In Saariselk\u00e4 you can enjoy the beautiful scenery of the Urho Kekkonen Nationalpark and the services of Finlands northernmost outdoor recreation center. Your vacation can be tailored to match exactly what you are looking for. Perhaps you want to relax and enjoy the peace and quiet? Or maybe you want to try out new activities [&hellip;]<\/p>\n","protected":false},"author":1,"featured_media":0,"parent":0,"menu_order":0,"comment_status":"closed","ping_status":"closed","template":"","meta":{"_acf_changed":false,"footnotes":""},"class_list":["post-702","page","type-page","status-publish","hentry"],"acf":[],"hero_image":{"ID":611,"id":611,"title":"retkeily-vaellus-kesa-saariselka-inari-min","filename":"retkeily-vaellus-kesa-saariselka-inari-min.jpg","filesize":182312,"url":"https:\/\/www.kolmenkoukun.fi\/wp-content\/uploads\/2022\/07\/retkeily-vaellus-kesa-saariselka-inari-min.jpg","link":"https:\/\/www.kolmenkoukun.fi\/en\/saariselka-kesalla\/retkeily-vaellus-kesa-saariselka-inari-min-2\/","alt":"","author":"1","description":"","caption":"","name":"retkeily-vaellus-kesa-saariselka-inari-min-2","status":"inherit","uploaded_to":702,"date":"2022-07-28 13:31:29","modified":"2022-07-28 13:31:29","menu_order":0,"mime_type":"image\/jpeg","type":"image","subtype":"jpeg","icon":"https:\/\/www.kolmenkoukun.fi\/wp-includes\/images\/media\/default.png","width":1920,"height":1080,"sizes":{"thumbnail":"https:\/\/www.kolmenkoukun.fi\/wp-content\/uploads\/2022\/07\/retkeily-vaellus-kesa-saariselka-inari-min-150x150.jpg","thumbnail-width":150,"thumbnail-height":150,"medium":"https:\/\/www.kolmenkoukun.fi\/wp-content\/uploads\/2022\/07\/retkeily-vaellus-kesa-saariselka-inari-min-300x169.jpg","medium-width":300,"medium-height":169,"medium_large":"https:\/\/www.kolmenkoukun.fi\/wp-content\/uploads\/2022\/07\/retkeily-vaellus-kesa-saariselka-inari-min-768x432.jpg","medium_large-width":640,"medium_large-height":360,"large":"https:\/\/www.kolmenkoukun.fi\/wp-content\/uploads\/2022\/07\/retkeily-vaellus-kesa-saariselka-inari-min-1024x576.jpg","large-width":640,"large-height":360,"1536x1536":"https:\/\/www.kolmenkoukun.fi\/wp-content\/uploads\/2022\/07\/retkeily-vaellus-kesa-saariselka-inari-min-1536x864.jpg","1536x1536-width":1536,"1536x1536-height":864,"2048x2048":"https:\/\/www.kolmenkoukun.fi\/wp-content\/uploads\/2022\/07\/retkeily-vaellus-kesa-saariselka-inari-min.jpg","2048x2048-width":1920,"2048x2048-height":1080,"full-hd":"https:\/\/www.kolmenkoukun.fi\/wp-content\/uploads\/2022\/07\/retkeily-vaellus-kesa-saariselka-inari-min.jpg","full-hd-width":1920,"full-hd-height":1080,"extra-large":"https:\/\/www.kolmenkoukun.fi\/wp-content\/uploads\/2022\/07\/retkeily-vaellus-kesa-saariselka-inari-min-1600x900.jpg","extra-large-width":1600,"extra-large-height":900}},"apartment_data":{"type":null,"guests":null},"_links":{"self":[{"href":"https:\/\/www.kolmenkoukun.fi\/en\/wp-json\/wp\/v2\/pages\/702","targetHints":{"allow":["GET"]}}],"collection":[{"href":"https:\/\/www.kolmenkoukun.fi\/en\/wp-json\/wp\/v2\/pages"}],"about":[{"href":"https:\/\/www.kolmenkoukun.fi\/en\/wp-json\/wp\/v2\/types\/page"}],"author":[{"embeddable":true,"href":"https:\/\/www.kolmenkoukun.fi\/en\/wp-json\/wp\/v2\/users\/1"}],"replies":[{"embeddable":true,"href":"https:\/\/www.kolmenkoukun.fi\/en\/wp-json\/wp\/v2\/comments?post=702"}],"version-history":[{"count":0,"href":"https:\/\/www.kolmenkoukun.fi\/en\/wp-json\/wp\/v2\/pages\/702\/revisions"}],"wp:attachment":[{"href":"https:\/\/www.kolmenkoukun.fi\/en\/wp-json\/wp\/v2\/media?parent=702"}],"curies":[{"name":"wp","href":"https:\/\/api.w.org\/{rel}","templated":true}]}}